{"id":71,"date":"2014-03-04T22:44:04","date_gmt":"2014-03-04T22:44:04","guid":{"rendered":"http:\/\/www.kk-cetiririjeke.hr\/?page_id=71"},"modified":"2017-09-19T16:41:47","modified_gmt":"2017-09-19T16:41:47","slug":"o-nama","status":"publish","type":"page","link":"https:\/\/www.kk-cetiririjeke.hr\/","title":{"rendered":"O nama"},"content":{"rendered":"<p>U Mahi\u010dnu, samo desetak kilometara od centra grada Karlovca, nalazi se Konji\u010dki klub &#8220;\u010cetiri rijeke&#8221;.\u00a0<br data-reactid=\".w.1:3:1:$comment357372007729631_426061447527353:0.0.$right.0.$left.0.0.0:$comment-body.0.0.$end:0:$1:0\" \/>Osnovala ga je 2013. godine grupa entuzijasta i zaljubljenika u konje i konji\u010dki sport.<br data-reactid=\".w.1:3:1:$comment357372007729631_426061447527353:0.0.$right.0.$left.0.0.0:$comment-body.0.0.$end:0:$3:0\" \/><br data-reactid=\".w.1:3:1:$comment357372007729631_426061447527353:0.0.$right.0.$left.0.0.0:$comment-body.0.3.0.$end:0:$1:0\" \/>Cilj kluba je promocija i unaprije\u0111enje konji\u010dkog sporta na podru\u010dju karlova\u010dke \u017eupanije, a klub trenutno raspola\u017ee sa desetak konja za tu namjenu.<br data-reactid=\".w.1:3:1:$comment357372007729631_426061447527353:0.0.$right.0.$left.0.0.0:$comment-body.0.3.0.$end:0:$3:0\" \/><br data-reactid=\".w.1:3:1:$comment357372007729631_426061447527353:0.0.$right.0.$left.0.0.0:$comment-body.0.3.0.$end:0:$5:0\" \/>Konji\u010dki klub &#8220;\u010cetiri rijeke&#8221; pru\u017ea razne aktivnosti za ljude s razli\u010ditim interesima koje uklju\u010duju \u0161kolu jahanja, satove jahanja sa trenerom te, za iskusnije jaha\u010de, terensko jahanje kroz dragani\u0107ke bre\u017euljke.<br data-reactid=\".w.1:3:1:$comment357372007729631_426061447527353:0.0.$right.0.$left.0.0.0:$comment-body.0.3.0.$end:0:$7:0\" \/><br data-reactid=\".w.1:3:1:$comment357372007729631_426061447527353:0.0.$right.0.$left.0.0.0:$comment-body.0.3.0.$end:0:$9:0\" \/>Ukoliko vi ili va\u0161e dijete \u017eelite provesti ugodne trenutke u prirodi, udaljeni od buke i stresa, dru\u017ee\u0107i se i upoznavaju\u0107i ove plemenite \u017eivotinje, <a title=\"Kontakti\" href=\"http:\/\/www.kk-cetiririjeke.hr\/?page_id=86\" target=\"_blank\" rel=\"noopener\">kontaktirajte nas<\/a> i pridru\u017eite nam se!<\/p>\n<p><center>\r\n<a href=\"https:\/\/www.kk-cetiririjeke.hr\/wp-content\/gallery\/galerija\/1044439_299191673555611_163483740_n.jpg\" title=\"\" class=\"shutterset_singlepic4\" >\r\n\t<img decoding=\"async\" class=\"ngg-singlepic ngg-center\" src=\"https:\/\/www.kk-cetiririjeke.hr\/wp-content\/gallery\/cache\/4__320x240_1044439_299191673555611_163483740_n.jpg\" alt=\"1044439_299191673555611_163483740_n\" title=\"1044439_299191673555611_163483740_n\" \/>\r\n<\/a>\r\n<\/center><\/p>\n","protected":false},"excerpt":{"rendered":"<p>U Mahi\u010dnu, samo desetak kilometara od centra grada Karlovca, nalazi se Konji\u010dki klub &#8220;\u010cetiri rijeke&#8221;.\u00a0Osnovala ga je 2013. godine grupa entuzijasta i zaljubljenika u konje i konji\u010dki sport.Cilj kluba je promocija i unaprije\u0111enje konji\u010dkog sporta na podru\u010dju karlova\u010dke \u017eupanije, a&hellip; <\/p>\n","protected":false},"author":4,"featured_media":0,"parent":0,"menu_order":0,"comment_status":"closed","ping_status":"closed","template":"","meta":{"footnotes":""},"_links":{"self":[{"href":"https:\/\/www.kk-cetiririjeke.hr\/index.php?rest_route=\/wp\/v2\/pages\/71"}],"collection":[{"href":"https:\/\/www.kk-cetiririjeke.hr\/index.php?rest_route=\/wp\/v2\/pages"}],"about":[{"href":"https:\/\/www.kk-cetiririjeke.hr\/index.php?rest_route=\/wp\/v2\/types\/page"}],"author":[{"embeddable":true,"href":"https:\/\/www.kk-cetiririjeke.hr\/index.php?rest_route=\/wp\/v2\/users\/4"}],"replies":[{"embeddable":true,"href":"https:\/\/www.kk-cetiririjeke.hr\/index.php?rest_route=%2Fwp%2Fv2%2Fcomments&post=71"}],"version-history":[{"count":17,"href":"https:\/\/www.kk-cetiririjeke.hr\/index.php?rest_route=\/wp\/v2\/pages\/71\/revisions"}],"predecessor-version":[{"id":233,"href":"https:\/\/www.kk-cetiririjeke.hr\/index.php?rest_route=\/wp\/v2\/pages\/71\/revisions\/233"}],"wp:attachment":[{"href":"https:\/\/www.kk-cetiririjeke.hr\/index.php?rest_route=%2Fwp%2Fv2%2Fmedia&parent=71"}],"curies":[{"name":"wp","href":"https:\/\/api.w.org\/{rel}","templated":true}]}}