{"id":68,"date":"2014-03-04T22:40:30","date_gmt":"2014-03-04T22:40:30","guid":{"rendered":"http:\/\/www.kk-cetiririjeke.hr\/?page_id=68"},"modified":"2014-12-01T17:37:11","modified_gmt":"2014-12-01T17:37:11","slug":"o-jahanju","status":"publish","type":"page","link":"https:\/\/www.kk-cetiririjeke.hr\/?page_id=68","title":{"rendered":"O jahanju"},"content":{"rendered":"<p>Put \u010dovjeka i konja se prvi put isprepleo jako davno, iako naravno ne postoje precizni podaci, prvi dokazi o pritomljavanju konja datiraju u vrijeme oko 4500 godina p. n. e.<br \/>\nIspo\u010detka su se konji koristili za hranu i jahanje, a kasnije i za vu\u010du kola.<\/p>\n<p>\u010cini se da je ljude od najranijih po\u010detaka zanimalo \u010diji je konj br\u017ei ili koji jaha\u0107i par mo\u017ee uspje\u0161nije izvr\u0161iti odre\u0111enu vje\u017ebu \u010dime su postavljeni temelji za sve danas poznate sportske discipline.<\/p>\n<p>Pa tako danas imamo galopske utrke kao jednu od najunosnijih sportskih disiplina u svijetu, i njihove varijante kao \u0161to je <em>steeplechase<\/em>, galopska utrka s preponama.<\/p>\n<p>Galopske utrke se odr\u017eavaju na kratkim distancama, ali postoje i utrke izdr\u017eljivosti gdje je cilj u \u0161to kra\u0107em vremenu prije\u0107i nekoliko desetaka ili stotina kilometara ne ugro\u017eavaju\u0107i time konjsko zdravlje, zbog \u010dega su po putu postavljene veterinarske kontrole.<\/p>\n<p>Tri turnirske discipline (dresura, preponsko jahanje i ispit svestranosti) su postali i olimpijski sportovi.<\/p>\n<p>Dresura je disciplina kojoj je cilj ja\u010danje i uvje\u017ebavanje kako bi konj mogao opu\u0161teno i u skladu s jaha\u010dem obavljati razne zadatke, istovremeno smanjuju\u0107i pritisak koji konjsko tijelo trpi pod jaha\u010dem u slu\u010daju nesklada ili otpora, do cega se dolazi potencirajuci prirodne konjske kretnje. Sve druge moderne turnirske discipline koriste prilago\u0111enu dresuru kao bazi\u010dnu disciplinu za trening.<\/p>\n<p>Preponsko jahanje je nastalo od lova na lisice na konjima i jahanja kroz prirodu gdje su jaha\u010di \u010desto bili prisiljeni preskakati prirodne prepreke ili ograde i trenutno je jedan od najpopularnijih konji\u010dkih sportova. Danas se preponsko jahanje zasniva na jahanju u otvorenoj ili zatvorenoj areni, unaprijed zadanom putanjom na kojoj se nalaze prepone pripremljene od postavlja\u010da parkura. Iako postoje razni tipovi utakmica, uglavnom je cilj prije\u0107i putanju unutar zadanog vremena sa \u0161to manje sru\u0161enih prepona.<\/p>\n<p>Ispit svestranosti je kombinacija ispita dresure, jahanja kroz prirodu sa fiksnim preponama i ispita iz klasi\u010dnog preponskog jahanja.<\/p>\n<p>Turnirske discipline dolaze iz Europe, uglavnom iz vojnih i plemi\u0107kih krugova, dok je u Americi situacija bila ne\u0161to druga\u010dija.<\/p>\n<p>Konji su slu\u017eili za pomo\u0107 kod uzgoja velikih krda stoke iz \u010dega se razvio cijeli niz disciplina danas znanih pod skupnim imenom western jahanje.<br \/>\nWestern jahanje je tako\u0111er vid dresure, iako stilski nimalo sli\u010dan klasi\u010dnoj dresuri, sa ciljem razvijanja vje\u0161tina i pokreta korisnih uzgajiva\u010dima prilikom brige za goveda.<\/p>\n<p>Iz Amerike dolaze i kasa\u010dke utrke u kojima konj vu\u010de lagana kolica kre\u0107u\u0107i se \u010dim br\u017ee, ali isklju\u010divo u kasu. Kasa\u010dke utrke su takodjer razvili uzgajiva\u010di goveda, utrkivanjem skra\u0107uju\u0107i vrijeme i zabavljaju\u0107i se do mjesta na kojima se sabiralo mlijeko.<br \/>\nSli\u010dna disciplina su utrke u vu\u010di zaprega.<\/p>\n<p>Ovo su samo najpoznatije, ali postoji jo\u0161 cijeli niz vi\u0161e ili manje popularnih disciplina tako da svatko mo\u017ee odabrati ne\u0161to prikladno svojim \u017eeljama i mogu\u0107nostima.<\/p>\n<p>Naravno, kao i u svakom drugom sportu, velika ve\u0107ina jaha\u010da su rekreativci i ne postoji nijedan razlog zbog kojeg se va\u0161e dru\u017eenje s konjem ne bi svelo na opu\u0161teno dru\u017eenje u prirodi, iako \u0107e svaki pravi ljubitelj konja i jahanja poku\u0161ati \u010dim bolje razviti svoju tehniku jahanja obzirom da na taj na\u010din olak\u0161ava i zahvaljuje konju na suradnji.<\/p>\n<p><center>\r\n<a href=\"https:\/\/www.kk-cetiririjeke.hr\/wp-content\/gallery\/galerija\/trajbar2.jpg\" title=\"\" class=\"shutterset_singlepic28\" >\r\n\t<img decoding=\"async\" class=\"ngg-singlepic ngg-center\" src=\"https:\/\/www.kk-cetiririjeke.hr\/wp-content\/gallery\/cache\/28__320x240_trajbar2.jpg\" alt=\"trajbar2\" title=\"trajbar2\" \/>\r\n<\/a>\r\n<\/center><\/p>\n","protected":false},"excerpt":{"rendered":"<p>Put \u010dovjeka i konja se prvi put isprepleo jako davno, iako naravno ne postoje precizni podaci, prvi dokazi o pritomljavanju konja datiraju u vrijeme oko 4500 godina p. n. e. Ispo\u010detka su se konji koristili za hranu i jahanje, a&hellip; <\/p>\n","protected":false},"author":4,"featured_media":0,"parent":0,"menu_order":0,"comment_status":"closed","ping_status":"closed","template":"","meta":{"footnotes":""},"_links":{"self":[{"href":"https:\/\/www.kk-cetiririjeke.hr\/index.php?rest_route=\/wp\/v2\/pages\/68"}],"collection":[{"href":"https:\/\/www.kk-cetiririjeke.hr\/index.php?rest_route=\/wp\/v2\/pages"}],"about":[{"href":"https:\/\/www.kk-cetiririjeke.hr\/index.php?rest_route=\/wp\/v2\/types\/page"}],"author":[{"embeddable":true,"href":"https:\/\/www.kk-cetiririjeke.hr\/index.php?rest_route=\/wp\/v2\/users\/4"}],"replies":[{"embeddable":true,"href":"https:\/\/www.kk-cetiririjeke.hr\/index.php?rest_route=%2Fwp%2Fv2%2Fcomments&post=68"}],"version-history":[{"count":12,"href":"https:\/\/www.kk-cetiririjeke.hr\/index.php?rest_route=\/wp\/v2\/pages\/68\/revisions"}],"predecessor-version":[{"id":135,"href":"https:\/\/www.kk-cetiririjeke.hr\/index.php?rest_route=\/wp\/v2\/pages\/68\/revisions\/135"}],"wp:attachment":[{"href":"https:\/\/www.kk-cetiririjeke.hr\/index.php?rest_route=%2Fwp%2Fv2%2Fmedia&parent=68"}],"curies":[{"name":"wp","href":"https:\/\/api.w.org\/{rel}","templated":true}]}}