{"id":21,"date":"2013-09-16T19:24:32","date_gmt":"2013-09-16T19:24:32","guid":{"rendered":"http:\/\/www.kk-cetiririjeke.hr\/?page_id=21"},"modified":"2017-01-25T20:12:21","modified_gmt":"2017-01-25T20:12:21","slug":"cjenik","status":"publish","type":"page","link":"https:\/\/www.kk-cetiririjeke.hr\/?page_id=21","title":{"rendered":"Cjenik"},"content":{"rendered":"<p>O sposobnosti pojedinog \u010dlana kluba za samostalno jahanje bez trenera odlu\u010duje trener &#8211; voditelj jahanja.<br \/>\nZa \u010dlanove kluba i organizirane grupe klub zadr\u017eava pravo izmjene cjenika.<\/p>\n<p><strong>NAPOMENA: 1 sat= 45 min<\/strong><\/p>\n<table border=\"0\" cellspacing=\"0\">\n<colgroup width=\"120\"><\/colgroup>\n<colgroup width=\"257\"><\/colgroup>\n<colgroup width=\"130\"><\/colgroup>\n<tbody>\n<tr>\n<td align=\"left\" height=\"20\"><b><span style=\"font-size: medium;\">\u010clanstvo<\/span><\/b><\/td>\n<td align=\"left\"><b><span style=\"font-size: medium;\">Jahanje<\/span><\/b><\/td>\n<td align=\"left\"><b><span style=\"font-size: medium;\">Cijena<\/span><\/b><\/td>\n<\/tr>\n<tr>\n<td align=\"left\" height=\"17\"><\/td>\n<td align=\"left\"><\/td>\n<td align=\"left\"><\/td>\n<\/tr>\n<tr>\n<td align=\"left\" height=\"17\"><b>Zainteresirani<\/b><\/td>\n<td align=\"left\">1 probni sat<\/td>\n<td align=\"left\">besplatno<\/td>\n<\/tr>\n<tr>\n<td align=\"left\" height=\"17\"><b>\u00a0<\/b><\/td>\n<td align=\"left\"><\/td>\n<td align=\"left\"><\/td>\n<\/tr>\n<tr>\n<td align=\"left\" height=\"32\"><b>Pridru\u017eeni \u010dlan <\/b><\/td>\n<td align=\"left\">Te\u010daj osnova jahanja i upravljanja konjem<br \/>\nUklju\u010duje 20 sati jahanja<\/td>\n<td align=\"left\">1500kn jednokratno<\/td>\n<\/tr>\n<tr>\n<td align=\"left\" height=\"17\"><b>\u00a0<\/b><\/td>\n<td align=\"left\"><\/td>\n<td align=\"left\"><\/td>\n<\/tr>\n<tr>\n<td align=\"left\" height=\"17\"><b>Stalni \u010dlan<\/b><\/td>\n<td align=\"left\">Po dogovoru<\/td>\n<td align=\"left\">200kn mjese\u010dno<\/td>\n<\/tr>\n<tr>\n<td align=\"left\" height=\"17\"><b>\u00a0<\/b><\/td>\n<td align=\"left\"><\/td>\n<td align=\"left\"><\/td>\n<\/tr>\n<tr>\n<td align=\"left\" height=\"17\"><b>Podupiru\u0107i \u010dlan <\/b><\/td>\n<td align=\"left\">1 sat<\/td>\n<td align=\"left\">100kn jednokratno<\/td>\n<\/tr>\n<\/tbody>\n<\/table>\n","protected":false},"excerpt":{"rendered":"<p>O sposobnosti pojedinog \u010dlana kluba za samostalno jahanje bez trenera odlu\u010duje trener &#8211; voditelj jahanja. Za \u010dlanove kluba i organizirane grupe klub zadr\u017eava pravo izmjene cjenika. NAPOMENA: 1 sat= 45 min \u010clanstvo Jahanje Cijena Zainteresirani 1 probni sat besplatno \u00a0&hellip; <\/p>\n","protected":false},"author":4,"featured_media":0,"parent":0,"menu_order":0,"comment_status":"closed","ping_status":"closed","template":"","meta":{"footnotes":""},"_links":{"self":[{"href":"https:\/\/www.kk-cetiririjeke.hr\/index.php?rest_route=\/wp\/v2\/pages\/21"}],"collection":[{"href":"https:\/\/www.kk-cetiririjeke.hr\/index.php?rest_route=\/wp\/v2\/pages"}],"about":[{"href":"https:\/\/www.kk-cetiririjeke.hr\/index.php?rest_route=\/wp\/v2\/types\/page"}],"author":[{"embeddable":true,"href":"https:\/\/www.kk-cetiririjeke.hr\/index.php?rest_route=\/wp\/v2\/users\/4"}],"replies":[{"embeddable":true,"href":"https:\/\/www.kk-cetiririjeke.hr\/index.php?rest_route=%2Fwp%2Fv2%2Fcomments&post=21"}],"version-history":[{"count":16,"href":"https:\/\/www.kk-cetiririjeke.hr\/index.php?rest_route=\/wp\/v2\/pages\/21\/revisions"}],"predecessor-version":[{"id":221,"href":"https:\/\/www.kk-cetiririjeke.hr\/index.php?rest_route=\/wp\/v2\/pages\/21\/revisions\/221"}],"wp:attachment":[{"href":"https:\/\/www.kk-cetiririjeke.hr\/index.php?rest_route=%2Fwp%2Fv2%2Fmedia&parent=21"}],"curies":[{"name":"wp","href":"https:\/\/api.w.org\/{rel}","templated":true}]}}