{"id":141,"date":"2014-12-01T20:20:53","date_gmt":"2014-12-01T20:20:53","guid":{"rendered":"http:\/\/www.kk-cetiririjeke.hr\/?page_id=141"},"modified":"2018-03-15T17:45:57","modified_gmt":"2018-03-15T17:45:57","slug":"rezultati-2014","status":"publish","type":"page","link":"http:\/\/www.kk-cetiririjeke.hr\/?page_id=141","title":{"rendered":"Rezultati"},"content":{"rendered":"<p><strong>2017.<\/strong><\/p>\n<p>od ukupno 13 nastupa u preponskom i 19 nastupa u dresurnom jahanju, ostvarno je dva 1.mjesta u preponskom jahanju i sedam 1. mesta, pet 2. mjesta i \u010detiri 3. mjesta u dresurnom jahanju.<\/p>\n<p>Posebno treba naglasiti osvojeno prvo mjesto na dr\u017eavnom prvenstvu za juniore i drugo mjesto u Croatia Cu<a href=\"http:\/\/www.kk-cetiririjeke.hr\/wp-content\/uploads\/2018\/03\/petra-prvenstvo-2017.jpg\"><img loading=\"lazy\" decoding=\"async\" class=\"wp-image-235 alignright\" src=\"http:\/\/www.kk-cetiririjeke.hr\/wp-content\/uploads\/2018\/03\/petra-prvenstvo-2017.jpg\" alt=\"\" width=\"277\" height=\"369\" srcset=\"http:\/\/www.kk-cetiririjeke.hr\/wp-content\/uploads\/2018\/03\/petra-prvenstvo-2017.jpg 720w, http:\/\/www.kk-cetiririjeke.hr\/wp-content\/uploads\/2018\/03\/petra-prvenstvo-2017-225x300.jpg 225w\" sizes=\"(max-width: 277px) 100vw, 277px\" \/><\/a>pu \u00a0u dresurnom jahanju koje je osvojila Petra Laslo sa grlom Eef.<\/p>\n<p>Petra je povodom izvrsnih rezultata progla\u0161ena i najboljom mladom sporta\u0161icom grada Karlovca za godinu 2017.<\/p>\n<p><strong>2016.<\/strong><\/p>\n<p>Od ukupno 30 nastupa u preponskom jahanju i 21 nastup u dresurnom jahanju, ostvareno je \u0161est 1. mjesta. jedno 2. mjesto i dva 3. mjesta u preponskom jahanju, te tri 1. mjesta, pet 2. mjesta i pet 3. mjesta\u00a0 u dresurnom jahanju.<\/p>\n<p>Najzapa\u017eeniji rezultat je ostvarila juniorka Petra Laslo plasiraju\u0107i se, ve\u0107 u svojoj prvoj natjecateljskoj sezoni, sa grlom Eef na drugo mjesto na Prvenstvu Hrvatske u dresurnom jahanju.<\/p>\n<div style=\"width: 347px\" class=\"wp-caption alignleft\"><img loading=\"lazy\" decoding=\"async\" class=\"\" src=\"http:\/\/www.kk-cetiririjeke.hr\/wp-content\/gallery\/galerija\/petra-prvenstvo-1.jpg\" width=\"337\" height=\"276\" \/><p class=\"wp-caption-text\"><em>Petra Laso na grlu Eef<\/em><\/p><\/div>\n<p>Uz druge plasmane, to je bilo dovoljno da na ukupnoj rang listi dresurnih jaha\u010da za 2016 godinu Petra bude tre\u0107a u juniorskom poretku.<\/p>\n<p>Ostale plasmane su osvojili Patricija Pacak sa grlom Daisy u dresurnom jahanju, Nenad Toma\u0161evi\u0107 sa grlom Cobalt u preponskom jahanju, i opet Petra Laslo sa grlom Dino u dresurnom i preponskom jahanju.<\/p>\n<p><strong>2015.<\/strong><\/p>\n<p>Od ukupno 11 nastupa u dresurnom jahanju i 30 nastupa u preponskom jahanju ostvarena su \u010detiri 1.mjesta i tri 2.mjesta u dresurnom jahanju i devet 1.mjesta, jedno 2.mjesto, jedno 3.mjesto i jedno 5. mjesto u preponskom jahanju, od toga izdvajamo:<\/p>\n<p>&#8211; Mija Brni\u0107 sa Eef 1.mjesto Finale Karoca Dressage Cupa<\/p>\n<div id=\"attachment_156\" style=\"width: 310px\" class=\"wp-caption alignright\"><a href=\"http:\/\/www.kk-cetiririjeke.hr\/wp-content\/uploads\/2014\/12\/1.-mjesto-u-PH-za-petogodce.jpg\"><img loading=\"lazy\" decoding=\"async\" aria-describedby=\"caption-attachment-156\" class=\"wp-image-156 size-medium\" src=\"http:\/\/www.kk-cetiririjeke.hr\/wp-content\/uploads\/2014\/12\/1.-mjesto-u-PH-za-petogodce-300x230.jpg\" alt=\"1. mjesto u PH za petogodce\" width=\"300\" height=\"230\" srcset=\"http:\/\/www.kk-cetiririjeke.hr\/wp-content\/uploads\/2014\/12\/1.-mjesto-u-PH-za-petogodce-300x230.jpg 300w, http:\/\/www.kk-cetiririjeke.hr\/wp-content\/uploads\/2014\/12\/1.-mjesto-u-PH-za-petogodce.jpg 960w\" sizes=\"(max-width: 300px) 100vw, 300px\" \/><\/a><p id=\"caption-attachment-156\" class=\"wp-caption-text\"><em>Mija Brni\u0107 na grlu Eef<\/em><\/p><\/div>\n<p>&#8211; Mija Brni\u0107 sa Eef 2.mjesto na Prvenstvu Hrvatske za mlade konje (6 godina starosti)<\/p>\n<p>&#8211; Patricija Pacak sa Eef dva 2.mjesta na Prvenstvu Hrvatske za pony jaha\u010de za natjecatelje do 16 god.<\/p>\n<p>&#8211; Patricija Pacak sa Eef 1. mjesto Prvenstvo Hrvatske \u2013 A7 \u2013 otvorena utakmica<\/p>\n<p>&#8211; Nenad Toma\u0161evi\u0107 i Cobalt 2.mjesto visina 0,80m \u2013 Bo\u017ei\u0107ni turnir<\/p>\n<p>&#8211; Nenad Toma\u0161evi\u0107 i Cobalt 3.mjesto visina 0,80m \u2013\u00a01. i 2. kolo Kupa Slavonije i Baranje<\/p>\n<p>&#8211; Nenad Toma\u0161evi\u0107 i Cobalt dva 1.mjesta visina 1,00m \u2013\u00a01. i 2. kolo Kupa Slavonije i Baranje<a href=\"http:\/\/www.kk-cetiririjeke.hr\/wp-content\/uploads\/2014\/12\/hipodrom3.jpg\" rel=\"attachment wp-att-200\"><img loading=\"lazy\" decoding=\"async\" class=\"aligncenter wp-image-200 size-medium\" src=\"http:\/\/www.kk-cetiririjeke.hr\/wp-content\/uploads\/2014\/12\/hipodrom3-300x194.jpg\" alt=\"hipodrom3\" width=\"300\" height=\"194\" srcset=\"http:\/\/www.kk-cetiririjeke.hr\/wp-content\/uploads\/2014\/12\/hipodrom3-300x194.jpg 300w, http:\/\/www.kk-cetiririjeke.hr\/wp-content\/uploads\/2014\/12\/hipodrom3-768x497.jpg 768w, http:\/\/www.kk-cetiririjeke.hr\/wp-content\/uploads\/2014\/12\/hipodrom3.jpg 960w\" sizes=\"(max-width: 300px) 100vw, 300px\" \/><\/a><em>\u00a0 \u00a0 \u00a0 \u00a0 \u00a0 \u00a0 \u00a0 \u00a0 \u00a0 \u00a0 \u00a0 \u00a0 \u00a0 \u00a0 \u00a0 \u00a0 \u00a0 \u00a0 \u00a0 \u00a0 \u00a0 \u00a0 \u00a0 Nenad Toma\u0161evi\u0107 na grlu Cobalt<\/em><\/p>\n<p>&nbsp;<\/p>\n<div id=\"attachment_203\" style=\"width: 373px\" class=\"wp-caption alignright\"><a href=\"http:\/\/www.kk-cetiririjeke.hr\/wp-content\/uploads\/2014\/12\/patricija-eef-2015-1.jpg\"><img loading=\"lazy\" decoding=\"async\" aria-describedby=\"caption-attachment-203\" class=\"wp-image-203\" src=\"http:\/\/www.kk-cetiririjeke.hr\/wp-content\/uploads\/2014\/12\/patricija-eef-2015-1.jpg\" width=\"363\" height=\"271\" srcset=\"http:\/\/www.kk-cetiririjeke.hr\/wp-content\/uploads\/2014\/12\/patricija-eef-2015-1.jpg 2048w, http:\/\/www.kk-cetiririjeke.hr\/wp-content\/uploads\/2014\/12\/patricija-eef-2015-1-300x224.jpg 300w, http:\/\/www.kk-cetiririjeke.hr\/wp-content\/uploads\/2014\/12\/patricija-eef-2015-1-768x573.jpg 768w, http:\/\/www.kk-cetiririjeke.hr\/wp-content\/uploads\/2014\/12\/patricija-eef-2015-1-1024x765.jpg 1024w\" sizes=\"(max-width: 363px) 100vw, 363px\" \/><\/a><p id=\"caption-attachment-203\" class=\"wp-caption-text\"><em>Patricija Pacak na grlu Eef<\/em><\/p><\/div>\n<p><strong>2014.<\/strong><\/p>\n<p>Od ukupno 18 nastupa u dresurnom jahanju ostvarena su; dva 1.mjesta, dva 2.mjesta, pet 3.mjesta, dva 4.mjesta i \u010detiri 5.mjesta, od \u010dega izdvajamo;<\/p>\n<p>&#8211; Mija Brni\u0107 sa Eef 1.mjesto u konkurenciji na Prvenstvu Hrvatske za mlade konje (5 godina starosti)<\/p>\n<p>&#8211; Mija Brni\u0107 sa Eef 1.mjesto izvan konkurencije na Prvenstvu Hrvatske u dresurnom jahanju<\/p>\n<p>&#8211; Jadranka Bjelo\u0161 sa Eef 3.mjesto izvan konkurencije na Prvenstvu Hrvatske u dresurnom jahanju<\/p>\n<div id=\"attachment_153\" style=\"width: 235px\" class=\"wp-caption alignright\"><a href=\"http:\/\/www.kk-cetiririjeke.hr\/wp-content\/uploads\/2014\/12\/Eef-i-Jadranka.jpg\"><img loading=\"lazy\" decoding=\"async\" aria-describedby=\"caption-attachment-153\" class=\"wp-image-153 size-medium\" src=\"http:\/\/www.kk-cetiririjeke.hr\/wp-content\/uploads\/2014\/12\/Eef-i-Jadranka-225x300.jpg\" alt=\"Eef i Jadranka\" width=\"225\" height=\"300\" srcset=\"http:\/\/www.kk-cetiririjeke.hr\/wp-content\/uploads\/2014\/12\/Eef-i-Jadranka-225x300.jpg 225w, http:\/\/www.kk-cetiririjeke.hr\/wp-content\/uploads\/2014\/12\/Eef-i-Jadranka.jpg 720w\" sizes=\"(max-width: 225px) 100vw, 225px\" \/><\/a><p id=\"caption-attachment-153\" class=\"wp-caption-text\"><em>Jadranka Bjelo\u0161 na grlu Eef<\/em><\/p><\/div>\n<div id=\"attachment_152\" style=\"width: 235px\" class=\"wp-caption alignleft\"><a href=\"http:\/\/www.kk-cetiririjeke.hr\/wp-content\/uploads\/2014\/12\/Vara\u017edin.jpg\"><img loading=\"lazy\" decoding=\"async\" aria-describedby=\"caption-attachment-152\" class=\"wp-image-152 size-medium\" src=\"http:\/\/www.kk-cetiririjeke.hr\/wp-content\/uploads\/2014\/12\/Vara\u017edin-225x300.jpg\" alt=\"Vara\u017edin\" width=\"225\" height=\"300\" srcset=\"http:\/\/www.kk-cetiririjeke.hr\/wp-content\/uploads\/2014\/12\/Vara\u017edin-225x300.jpg 225w, http:\/\/www.kk-cetiririjeke.hr\/wp-content\/uploads\/2014\/12\/Vara\u017edin.jpg 720w\" sizes=\"(max-width: 225px) 100vw, 225px\" \/><\/a><p id=\"caption-attachment-152\" class=\"wp-caption-text\"><em>Prvenstvo Hrvatske u dresurnom jahanju, Vara\u017edin<\/em><\/p><\/div>\n<p>&nbsp;<\/p>\n<p><strong>\u00a0<\/strong><\/p>\n<p>&nbsp;<\/p>\n<p>&nbsp;<\/p>\n<p>&nbsp;<\/p>\n<p>&nbsp;<\/p>\n<p>&nbsp;<\/p>\n<p>&nbsp;<\/p>\n<p>&nbsp;<\/p>\n<p>&nbsp;<\/p>\n<p>&nbsp;<\/p>\n<p><strong>2013.<\/strong><\/p>\n<p>Od ukupno 11 nastupa u dresurnom jahanju ostvarena su; jedno 2.mjesto, jedno 3.mjesto i dva 4.mjesta, a od toga izdvajamo izvrsno 3. mjesto Patricije Pacak sa grlom Daisy u konkurenciji na Prvenstvu Hrvatske u kategoriji juniora.<\/p>\n<div style=\"width: 463px\" class=\"wp-caption aligncenter\"><img loading=\"lazy\" decoding=\"async\" class=\"\" src=\"http:\/\/www.kk-cetiririjeke.hr\/wp-content\/gallery\/galerija\/turnir-daisy-1.jpg\" width=\"453\" height=\"306\" \/><p class=\"wp-caption-text\"><em>Patricija Pacak na grlu Daisy<\/em><\/p><\/div>\n","protected":false},"excerpt":{"rendered":"<p>2017. od ukupno 13 nastupa u preponskom i 19 nastupa u dresurnom jahanju, ostvarno je dva 1.mjesta u preponskom jahanju i sedam 1. mesta, pet 2. mjesta i \u010detiri 3. mjesta u dresurnom jahanju. Posebno treba naglasiti osvojeno prvo mjesto&hellip; <\/p>\n","protected":false},"author":4,"featured_media":0,"parent":0,"menu_order":0,"comment_status":"closed","ping_status":"closed","template":"","meta":{"footnotes":""},"_links":{"self":[{"href":"http:\/\/www.kk-cetiririjeke.hr\/index.php?rest_route=\/wp\/v2\/pages\/141"}],"collection":[{"href":"http:\/\/www.kk-cetiririjeke.hr\/index.php?rest_route=\/wp\/v2\/pages"}],"about":[{"href":"http:\/\/www.kk-cetiririjeke.hr\/index.php?rest_route=\/wp\/v2\/types\/page"}],"author":[{"embeddable":true,"href":"http:\/\/www.kk-cetiririjeke.hr\/index.php?rest_route=\/wp\/v2\/users\/4"}],"replies":[{"embeddable":true,"href":"http:\/\/www.kk-cetiririjeke.hr\/index.php?rest_route=%2Fwp%2Fv2%2Fcomments&post=141"}],"version-history":[{"count":29,"href":"http:\/\/www.kk-cetiririjeke.hr\/index.php?rest_route=\/wp\/v2\/pages\/141\/revisions"}],"predecessor-version":[{"id":236,"href":"http:\/\/www.kk-cetiririjeke.hr\/index.php?rest_route=\/wp\/v2\/pages\/141\/revisions\/236"}],"wp:attachment":[{"href":"http:\/\/www.kk-cetiririjeke.hr\/index.php?rest_route=%2Fwp%2Fv2%2Fmedia&parent=141"}],"curies":[{"name":"wp","href":"https:\/\/api.w.org\/{rel}","templated":true}]}}